{"id":5895,"date":"2023-03-29T14:31:49","date_gmt":"2023-03-29T14:31:49","guid":{"rendered":"https:\/\/furniteco.eu\/kupsiste-poliitika\/"},"modified":"2023-05-30T10:28:49","modified_gmt":"2023-05-30T10:28:49","slug":"kupsiste-poliitika","status":"publish","type":"page","link":"https:\/\/furniteco.eu\/et\/kupsiste-poliitika\/","title":{"rendered":"K\u00fcpsiste poliitika"},"content":{"rendered":"\t\t<div data-elementor-type=\"wp-page\" data-elementor-id=\"5895\" class=\"elementor elementor-5895 elementor-3872\">\n\t\t\t\t\t\t<section class=\"elementor-section elementor-top-section elementor-element elementor-element-ea27b22 elementor-section-boxed elementor-section-height-default elementor-section-height-default xts-section-disabled\" data-id=\"ea27b22\" data-element_type=\"section\" data-e-type=\"section\">\n\t\t\t\t\t\t<div class=\"elementor-container elementor-column-gap-default\">\n\t\t\t\t\t<div class=\"elementor-column elementor-col-100 elementor-top-column elementor-element elementor-element-b619016\" data-id=\"b619016\" data-element_type=\"column\" data-e-type=\"column\">\n\t\t\t<div class=\"elementor-widget-wrap elementor-element-populated\">\n\t\t\t\t\t\t<div class=\"elementor-element elementor-element-4c2d39a xts-scheme-inherit xts-textalign-inherit elementor-widget elementor-widget-text-editor\" data-id=\"4c2d39a\" data-element_type=\"widget\" data-e-type=\"widget\" data-widget_type=\"text-editor.default\">\n\t\t\t\t<div class=\"elementor-widget-container\">\n\t\t\t\t\t\t\t\t\t<p>Veebisait furniteco.com kasutab k\u00fcpsiseid, et isikup\u00e4rastada meie k\u00fclastajate jaoks sisu ja reklaame ning anal\u00fc\u00fcsida liiklust veebisaidil. Teavet meie saidi ja meie sotsiaalmeedia kasutamise kohta jagatakse meie anal\u00fc\u00fcsipartneritega.<\/p>\n\t\t\t\t\t\t\t\t<\/div>\n\t\t\t\t<\/div>\n\t\t\t\t\t<\/div>\n\t\t<\/div>\n\t\t\t\t\t<\/div>\n\t\t<\/section>\n\t\t\t\t<section class=\"elementor-section elementor-top-section elementor-element elementor-element-38463cc elementor-section-boxed elementor-section-height-default elementor-section-height-default xts-section-disabled\" data-id=\"38463cc\" data-element_type=\"section\" data-e-type=\"section\">\n\t\t\t\t\t\t<div class=\"elementor-container elementor-column-gap-default\">\n\t\t\t\t\t<div class=\"elementor-column elementor-col-100 elementor-top-column elementor-element elementor-element-c06edb6\" data-id=\"c06edb6\" data-element_type=\"column\" data-e-type=\"column\">\n\t\t\t<div class=\"elementor-widget-wrap elementor-element-populated\">\n\t\t\t\t\t\t<div class=\"elementor-element elementor-element-7b65e24 elementor-widget elementor-widget-xts_title\" data-id=\"7b65e24\" data-element_type=\"widget\" data-e-type=\"widget\" data-widget_type=\"xts_title.default\">\n\t\t\t\t<div class=\"elementor-widget-container\">\n\t\t\t\t\t\t\t\t<div class=\"xts-section-heading xts-reset-mb-10 xts-reset-last xts-textalign-left\" data-animation-delay=\"\">\n\t\t\t\t\n\t\t\t\t\t\t\t\t\t<h4 class=\"xts-section-title title xts-design-default xts-fontsize-l\">\n\t\t\t\t\t\t<span class=\"xts-section-title-text\" data-elementor-setting-key=\"title\">\n\t\t\t\t\t\t\tMis on k\u00fcpsised?\t\t\t\t\t\t<\/span>\n\n\t\t\t\t\t\t\t\t\t\t\t<\/h4>\n\t\t\t\t\n\t\t\t\t\n\t\t\t\t\t\t\t\t\t<div class=\"xts-section-desc\">\n\t\t\t\t\t\t<div class=\"xts-section-desc-text xts-reset-all-last\" data-elementor-setting-key=\"description\">\n\t\t\t\t\t\t\t<p>K\u00fcpsised on v\u00e4ikesed tekstifailid, mida veebisaidid saavad kasutada kasutajakogemuse t\u00f5hustamiseks. K\u00fcpsised salvestatakse teie brauserisse ja neid v\u00f5idakse kasutada anal\u00fc\u00fcsiks ja reklaami eesm\u00e4rgil. Seaduse kohaselt v\u00f5ime salvestada k\u00fcpsiseid teie seadmesse (laua- v\u00f5i mobiilseadmesse), kui need on meie veebisaidi t\u00f6\u00f6ks vajalikud. Muud t\u00fc\u00fcpi k\u00fcpsiste jaoks vajame k\u00fclastaja luba. <br><br>Meie sait kasutab erinevat t\u00fc\u00fcpi k\u00fcpsiseid. H\u00fcpikaken, mida n\u00e4ete veebisaidile sisenedes, sisaldab teavet k\u00f5ikide meie k\u00fcpsiste kohta ning saate valida, kas n\u00f5ustute k\u00f5ikide v\u00f5i ainult osade k\u00fcpsistega. <\/p><p>Kui teil on meie k\u00fcpsiste poliitika v\u00f5i privaatsuspoliitika kohta k\u00fcsimusi, v\u00f5tke meiega julgelt \u00fchendust. <\/p>\t\t\t\t\t\t<\/div>\n\t\t\t\t\t<\/div>\n\t\t\t\t\t\t\t<\/div>\n\t\t\t\t\t\t<\/div>\n\t\t\t\t<\/div>\n\t\t\t\t\t<\/div>\n\t\t<\/div>\n\t\t\t\t\t<\/div>\n\t\t<\/section>\n\t\t\t\t<\/div>\n\t\t","protected":false},"excerpt":{"rendered":"<p>Veebisait furniteco.com kasutab k\u00fcpsiseid, et isikup\u00e4rastada meie k\u00fclastajate jaoks sisu ja reklaame ning anal\u00fc\u00fcsida liiklust veebisaidil. Teavet meie saidi ja meie sotsiaalmeedia kasutamise kohta jagatakse meie anal\u00fc\u00fcsipartneritega. Mis on k\u00fcpsised? K\u00fcpsised on v\u00e4ikesed tekstifailid, mida veebisaidid saavad kasutada kasutajakogemuse t\u00f5hustamiseks. K\u00fcpsised salvestatakse teie brauserisse ja neid v\u00f5idakse kasutada anal\u00fc\u00fcsiks ja reklaami eesm\u00e4rgil. Seaduse kohaselt v\u00f5ime [&hellip;]<\/p>\n","protected":false},"author":2,"featured_media":0,"parent":0,"menu_order":0,"comment_status":"closed","ping_status":"closed","template":"","meta":{"inline_featured_image":false,"footnotes":""},"class_list":["post-5895","page","type-page","status-publish","hentry"],"jetpack_sharing_enabled":true,"_links":{"self":[{"href":"https:\/\/furniteco.eu\/et\/wp-json\/wp\/v2\/pages\/5895","targetHints":{"allow":["GET"]}}],"collection":[{"href":"https:\/\/furniteco.eu\/et\/wp-json\/wp\/v2\/pages"}],"about":[{"href":"https:\/\/furniteco.eu\/et\/wp-json\/wp\/v2\/types\/page"}],"author":[{"embeddable":true,"href":"https:\/\/furniteco.eu\/et\/wp-json\/wp\/v2\/users\/2"}],"replies":[{"embeddable":true,"href":"https:\/\/furniteco.eu\/et\/wp-json\/wp\/v2\/comments?post=5895"}],"version-history":[{"count":3,"href":"https:\/\/furniteco.eu\/et\/wp-json\/wp\/v2\/pages\/5895\/revisions"}],"predecessor-version":[{"id":6066,"href":"https:\/\/furniteco.eu\/et\/wp-json\/wp\/v2\/pages\/5895\/revisions\/6066"}],"wp:attachment":[{"href":"https:\/\/furniteco.eu\/et\/wp-json\/wp\/v2\/media?parent=5895"}],"curies":[{"name":"wp","href":"https:\/\/api.w.org\/{rel}","templated":true}]}}