{"id":6052,"date":"2020-01-21T15:27:30","date_gmt":"2020-01-21T15:27:30","guid":{"rendered":"https:\/\/furniteco.eu\/firmast\/"},"modified":"2023-05-31T16:05:56","modified_gmt":"2023-05-31T16:05:56","slug":"firmast","status":"publish","type":"page","link":"https:\/\/furniteco.eu\/et\/firmast\/","title":{"rendered":"Firmast"},"content":{"rendered":"\t\t<div data-elementor-type=\"wp-page\" data-elementor-id=\"6052\" class=\"elementor elementor-6052 elementor-54\">\n\t\t\t\t\t\t<section class=\"elementor-section elementor-top-section elementor-element elementor-element-960640e elementor-section-boxed elementor-section-height-default elementor-section-height-default xts-section-disabled\" data-id=\"960640e\" data-element_type=\"section\" data-e-type=\"section\">\n\t\t\t\t\t\t<div class=\"elementor-container elementor-column-gap-default\">\n\t\t\t\t\t<div class=\"elementor-column elementor-col-100 elementor-top-column elementor-element elementor-element-ad9a84f\" data-id=\"ad9a84f\" data-element_type=\"column\" data-e-type=\"column\">\n\t\t\t<div class=\"elementor-widget-wrap elementor-element-populated\">\n\t\t\t\t\t\t<div class=\"elementor-element elementor-element-dcf2cd5 elementor-widget elementor-widget-xts_title\" data-id=\"dcf2cd5\" data-element_type=\"widget\" data-e-type=\"widget\" data-widget_type=\"xts_title.default\">\n\t\t\t\t<div class=\"elementor-widget-container\">\n\t\t\t\t\t\t\t\t<div class=\"xts-section-heading xts-reset-mb-10 xts-reset-last xts-textalign-left\" data-animation-delay=\"\">\n\t\t\t\t\n\t\t\t\t\t\t\t\t\t<h4 class=\"xts-section-title title xts-design-default xts-fontsize-l\">\n\t\t\t\t\t\t<span class=\"xts-section-title-text\" data-elementor-setting-key=\"title\">\n\t\t\t\t\t\t\tNaturaalsest puidust m\u00f6\u00f6bel\t\t\t\t\t\t<\/span>\n\n\t\t\t\t\t\t\t\t\t\t\t<\/h4>\n\t\t\t\t\n\t\t\t\t\n\t\t\t\t\t\t\t\t\t<div class=\"xts-section-desc\">\n\t\t\t\t\t\t<div class=\"xts-section-desc-text xts-reset-all-last\" data-elementor-setting-key=\"description\">\n\t\t\t\t\t\t\t<p><em>Furniteco TM<\/em> see on kaubam\u00e4rk. <\/p><p>Furniteco \u2014 see on veebipood, mis pakub kvaliteetset naturaalsest tammest ja p\u00f6\u00f6gist m\u00f6\u00f6blit, v\u00f5imalusega kohale toimetamisega Eestis, L\u00e4tis ja Leedus. Me t\u00f6\u00f6tame vaid \u00f6komaterjalidega, kuna meie kaubam\u00e4rgi filosoofiaks on - \u00abVarustada meie kliente \u00f6kom\u00f6\u00f6bliga\u00bb.<\/p><p>Meie ettev\u00f5tte nimi koosneb kahest elemendist: Furnit+eco = m\u00f6\u00f6bel+\u00f6koloogia. Meie filosoofia p\u00f5hineb \u00f6koloogilisusel \u2013 tootmise etapist kuni teenuste osutamiseni. Meie filosoofia p\u00f5hineb \u00f6koloogilisusel \u2013 tootmise etapist kuni teenuste osutamiseni.<\/p>\t\t\t\t\t\t<\/div>\n\t\t\t\t\t<\/div>\n\t\t\t\t\t\t\t<\/div>\n\t\t\t\t\t\t<\/div>\n\t\t\t\t<\/div>\n\t\t\t\t\t<\/div>\n\t\t<\/div>\n\t\t\t\t\t<\/div>\n\t\t<\/section>\n\t\t\t\t<section class=\"elementor-section elementor-top-section elementor-element elementor-element-202a79e elementor-section-boxed elementor-section-height-default elementor-section-height-default xts-section-disabled\" data-id=\"202a79e\" data-element_type=\"section\" data-e-type=\"section\">\n\t\t\t\t\t\t<div class=\"elementor-container elementor-column-gap-default\">\n\t\t\t\t\t<div class=\"elementor-column elementor-col-100 elementor-top-column elementor-element elementor-element-fe3e95a\" data-id=\"fe3e95a\" data-element_type=\"column\" data-e-type=\"column\">\n\t\t\t<div class=\"elementor-widget-wrap elementor-element-populated\">\n\t\t\t\t\t\t<div class=\"elementor-element elementor-element-7e8cab4 elementor-widget elementor-widget-xts_title\" data-id=\"7e8cab4\" data-element_type=\"widget\" data-e-type=\"widget\" data-widget_type=\"xts_title.default\">\n\t\t\t\t<div class=\"elementor-widget-container\">\n\t\t\t\t\t\t\t\t<div class=\"xts-section-heading xts-reset-mb-10 xts-reset-last xts-textalign-left\" data-animation-delay=\"\">\n\t\t\t\t\n\t\t\t\t\t\t\t\t\t<h4 class=\"xts-section-title title xts-design-default xts-fontsize-l\">\n\t\t\t\t\t\t<span class=\"xts-section-title-text\" data-elementor-setting-key=\"title\">\n\t\t\t\t\t\t\tIkka veel t\u00e4ispuidust m\u00f6\u00f6blit alahinnatakse\t\t\t\t\t\t<\/span>\n\n\t\t\t\t\t\t\t\t\t\t\t<\/h4>\n\t\t\t\t\n\t\t\t\t\n\t\t\t\t\t\t\t\t\t<div class=\"xts-section-desc\">\n\t\t\t\t\t\t<div class=\"xts-section-desc-text xts-reset-all-last\" data-elementor-setting-key=\"description\">\n\t\t\t\t\t\t\t<p>Me oleme veendunud, et t\u00e4nap\u00e4eval alahinnatakse ikka veel \u00f6koloogiliselt puhast, looduslikust materjalist valmistatud m\u00f6\u00f6blit, mis on tervisele ohutu. Paljud eelistavad osta odavamaid esemeid, mis on valmistatud puitlaastplaadist v\u00f5i puitkiudplaadist, mis on kaetud spooniga. Peale m\u00f5ningast kasutusaega m\u00f5istetakse, et selline m\u00f6\u00f6bel l\u00e4heb kergesti katki ja see tuleb lihtsalt v\u00e4lja vahetada.<\/p><p>Samas on <strong>naturaalsest puidust valmistatud m\u00f6\u00f6bel<\/strong> vastupidav ja seda saab vajadusel renoveerida. Piisab sellest kui seda pinda natuke lihvida, et m\u00f6\u00f6bel saaks tagasi oma algse v\u00e4limuse. Seda protseduuri v\u00f5ib korrata k\u00fcmneid aastaid.<\/p>\t\t\t\t\t\t<\/div>\n\t\t\t\t\t<\/div>\n\t\t\t\t\t\t\t<\/div>\n\t\t\t\t\t\t<\/div>\n\t\t\t\t<\/div>\n\t\t\t\t\t<\/div>\n\t\t<\/div>\n\t\t\t\t\t<\/div>\n\t\t<\/section>\n\t\t\t\t<section class=\"elementor-section elementor-top-section elementor-element elementor-element-6ff45ad elementor-section-boxed elementor-section-height-default elementor-section-height-default xts-section-disabled\" data-id=\"6ff45ad\" data-element_type=\"section\" data-e-type=\"section\">\n\t\t\t\t\t\t<div class=\"elementor-container elementor-column-gap-default\">\n\t\t\t\t\t<div class=\"elementor-column elementor-col-100 elementor-top-column elementor-element elementor-element-06115e2\" data-id=\"06115e2\" data-element_type=\"column\" data-e-type=\"column\">\n\t\t\t<div class=\"elementor-widget-wrap elementor-element-populated\">\n\t\t\t\t\t\t<div class=\"elementor-element elementor-element-2518669 elementor-widget elementor-widget-xts_title\" data-id=\"2518669\" data-element_type=\"widget\" data-e-type=\"widget\" data-widget_type=\"xts_title.default\">\n\t\t\t\t<div class=\"elementor-widget-container\">\n\t\t\t\t\t\t\t\t<div class=\"xts-section-heading xts-reset-mb-10 xts-reset-last xts-textalign-left\" data-animation-delay=\"\">\n\t\t\t\t\n\t\t\t\t\t\t\t\t\t<h4 class=\"xts-section-title title xts-design-default xts-fontsize-l\">\n\t\t\t\t\t\t<span class=\"xts-section-title-text\" data-elementor-setting-key=\"title\">\n\t\t\t\t\t\t\tLoomulik elegants \t\t\t\t\t\t<\/span>\n\n\t\t\t\t\t\t\t\t\t\t\t<\/h4>\n\t\t\t\t\n\t\t\t\t\n\t\t\t\t\t\t\t\t\t<div class=\"xts-section-desc\">\n\t\t\t\t\t\t<div class=\"xts-section-desc-text xts-reset-all-last\" data-elementor-setting-key=\"description\">\n\t\t\t\t\t\t\t<p>P\u00e4rast \u00f5li v\u00f5i vahaga t\u00f6\u00f6tlemist muutub puidu pind poolenisti poleerituks ja katsutades pehmeks. M\u00f6\u00f6bli taime\u00f5list v\u00e4rnitsaga katmine levis kogu Euroopas alates 16. saj keskpaigast. Kui me selliseid \u00f5lisid peale kanname, imbuvad need \u00f5huhapniku m\u00f5jul puidu sisse, hapnevad ja t\u00f5mbuvad k\u00f5vaks, moodustades m\u00f6\u00f6bli pinnal elastse l\u00e4bipaistva dekoratiivse kaitsekihi. See t\u00f6\u00f6tlus tagab puidule vetth\u00fclgavad omadused, mis t\u00f5kestab puidukiududesse niiskuse tungimist. Meie poolt kasutatav \u00f5li moodustab kaitsekatte, kuid te v\u00f5ite seda iga hetk h\u00f5lpsasti puhastada ja katta uue loodusliku \u00f5li kihiga kodustes tingimustes: selleks soovitame kasutada lina- v\u00f5i seederm\u00e4nni\u00f5li. Selle pealekandmiseks ei ole tarvis erilisi oskusi ega seadmeid, kuna uue kihiga katmine toimub k\u00e4sitsi.<\/p><p>Me armastame seda, mis me teeme \u2013 seda on tunda igas meie m\u00f6\u00f6bli esemes. Innovatsioon on meie p\u00f5hikontseptsioonid. T\u00f6\u00f6tleme materjali suure austusega ning kombineerime oskuslikult uuenduslikke tehnoloogiaid traditsioonilise k\u00e4sit\u00f6\u00f6ga.<\/p><p>Meie lauad, toolid, pingid, puhvetkapid ja seinakapid muudavad teie s\u00f6\u00f6gitoa mugavuse paradiisiks. Komplekteerida v\u00f5ite ise kombineerides lauamudeleid erinevate toolide ja pinkidega. Sega ja sobita!<\/p><p>Me arvame, et k\u00f5ik ettev\u00f5tted peavad kandma vastutust oma toodete eest. Meile on t\u00e4htis, et kliendid saaks looduslikust puidust eeskujuliku m\u00f6\u00f6bli: seejuures pole ainu\u00fcksi l\u00f5pptoode ideaalne, vaid ka sellele eelnev tootmisprotsess. Seet\u00f5ttu suhtume me oma partneritesse, t\u00f6\u00f6tajatesse ja loodusesse austavalt.<\/p>\t\t\t\t\t\t<\/div>\n\t\t\t\t\t<\/div>\n\t\t\t\t\t\t\t<\/div>\n\t\t\t\t\t\t<\/div>\n\t\t\t\t<\/div>\n\t\t\t\t\t<\/div>\n\t\t<\/div>\n\t\t\t\t\t<\/div>\n\t\t<\/section>\n\t\t\t\t<section class=\"elementor-section elementor-top-section elementor-element elementor-element-18384c5 elementor-section-boxed elementor-section-height-default elementor-section-height-default xts-section-disabled\" data-id=\"18384c5\" data-element_type=\"section\" data-e-type=\"section\">\n\t\t\t\t\t\t<div class=\"elementor-container elementor-column-gap-default\">\n\t\t\t\t\t<div class=\"elementor-column elementor-col-100 elementor-top-column elementor-element elementor-element-00af4a1\" data-id=\"00af4a1\" data-element_type=\"column\" data-e-type=\"column\">\n\t\t\t<div class=\"elementor-widget-wrap elementor-element-populated\">\n\t\t\t\t\t\t<div class=\"elementor-element elementor-element-ac99916 elementor-widget elementor-widget-xts_title\" data-id=\"ac99916\" data-element_type=\"widget\" data-e-type=\"widget\" data-widget_type=\"xts_title.default\">\n\t\t\t\t<div class=\"elementor-widget-container\">\n\t\t\t\t\t\t\t\t<div class=\"xts-section-heading xts-reset-mb-10 xts-reset-last xts-textalign-left\" data-animation-delay=\"\">\n\t\t\t\t\n\t\t\t\t\t\t\t\t\t<h4 class=\"xts-section-title title xts-design-default xts-fontsize-l\">\n\t\t\t\t\t\t<span class=\"xts-section-title-text\" data-elementor-setting-key=\"title\">\n\t\t\t\t\t\t\tEnergias\u00e4\u00e4stlik ja \u00f6koloogiale orienteeritud tootmine\t\t\t\t\t\t<\/span>\n\n\t\t\t\t\t\t\t\t\t\t\t<\/h4>\n\t\t\t\t\n\t\t\t\t\n\t\t\t\t\t\t\t\t\t<div class=\"xts-section-desc\">\n\t\t\t\t\t\t<div class=\"xts-section-desc-text xts-reset-all-last\" data-elementor-setting-key=\"description\">\n\t\t\t\t\t\t\t<p>Meie tootmisettev\u00f5tted tagavad puidu kasutuse 100% ulatuses. Saekaatrite ja puidut\u00f6\u00f6tlemistsehhide j\u00e4\u00e4tmed peenestatakse ja valmistatakse k\u00fcttebriketid , mida kasutatakse k\u00fctmiseks katlamajades. Samuti kasutatakse paralleelselt lihvimistolm \u00e4ra. Ettev\u00f5tted varustavad end t\u00e4ielikult soojusenergiaga ruumide k\u00fctmiseks ja tehnoloogilisteks vajadusteks.<\/p>\t\t\t\t\t\t<\/div>\n\t\t\t\t\t<\/div>\n\t\t\t\t\t\t\t<\/div>\n\t\t\t\t\t\t<\/div>\n\t\t\t\t<\/div>\n\t\t\t\t\t<\/div>\n\t\t<\/div>\n\t\t\t\t\t<\/div>\n\t\t<\/section>\n\t\t\t\t<section class=\"elementor-section elementor-top-section elementor-element elementor-element-597cd6d elementor-section-boxed elementor-section-height-default elementor-section-height-default xts-section-disabled\" data-id=\"597cd6d\" data-element_type=\"section\" data-e-type=\"section\">\n\t\t\t\t\t\t<div class=\"elementor-container elementor-column-gap-default\">\n\t\t\t\t\t<div class=\"elementor-column elementor-col-100 elementor-top-column elementor-element elementor-element-cfb5e01\" data-id=\"cfb5e01\" data-element_type=\"column\" data-e-type=\"column\">\n\t\t\t<div class=\"elementor-widget-wrap elementor-element-populated\">\n\t\t\t\t\t\t<div class=\"elementor-element elementor-element-a6e36e6 elementor-widget elementor-widget-xts_title\" data-id=\"a6e36e6\" data-element_type=\"widget\" data-e-type=\"widget\" data-widget_type=\"xts_title.default\">\n\t\t\t\t<div class=\"elementor-widget-container\">\n\t\t\t\t\t\t\t\t<div class=\"xts-section-heading xts-reset-mb-10 xts-reset-last xts-textalign-left\" data-animation-delay=\"\">\n\t\t\t\t\n\t\t\t\t\t\t\t\t\t<h4 class=\"xts-section-title title xts-design-default xts-fontsize-l\">\n\t\t\t\t\t\t<span class=\"xts-section-title-text\" data-elementor-setting-key=\"title\">\n\t\t\t\t\t\t\t\u00d6koloogiline sertifitseerimine\t\t\t\t\t\t<\/span>\n\n\t\t\t\t\t\t\t\t\t\t\t<\/h4>\n\t\t\t\t\n\t\t\t\t\n\t\t\t\t\t\t\t\t\t<div class=\"xts-section-desc\">\n\t\t\t\t\t\t<div class=\"xts-section-desc-text xts-reset-all-last\" data-elementor-setting-key=\"description\">\n\t\t\t\t\t\t\t<p>K\u00f5ik kaubam\u00e4rgiga Furniteco esitatud tooted on sertifitseeritud <em>Metsamajanduse hooldekogu<\/em> poolt, kes garanteerib, et puidumaterjal on seaduslik ja tuleb vastutustundlikult hallatud metsadest.<\/p>\t\t\t\t\t\t<\/div>\n\t\t\t\t\t<\/div>\n\t\t\t\t\t\t\t<\/div>\n\t\t\t\t\t\t<\/div>\n\t\t\t\t<\/div>\n\t\t\t\t\t<\/div>\n\t\t<\/div>\n\t\t\t\t\t<\/div>\n\t\t<\/section>\n\t\t\t\t<section class=\"elementor-section elementor-top-section elementor-element elementor-element-738e587 elementor-section-boxed elementor-section-height-default elementor-section-height-default xts-section-disabled\" data-id=\"738e587\" data-element_type=\"section\" data-e-type=\"section\">\n\t\t\t\t\t\t<div class=\"elementor-container elementor-column-gap-default\">\n\t\t\t\t\t<div class=\"elementor-column elementor-col-100 elementor-top-column elementor-element elementor-element-e2873cf\" data-id=\"e2873cf\" data-element_type=\"column\" data-e-type=\"column\">\n\t\t\t<div class=\"elementor-widget-wrap elementor-element-populated\">\n\t\t\t\t\t\t<div class=\"elementor-element elementor-element-ddb63e9 elementor-widget elementor-widget-xts_title\" data-id=\"ddb63e9\" data-element_type=\"widget\" data-e-type=\"widget\" data-widget_type=\"xts_title.default\">\n\t\t\t\t<div class=\"elementor-widget-container\">\n\t\t\t\t\t\t\t\t<div class=\"xts-section-heading xts-reset-mb-10 xts-reset-last xts-textalign-left\" data-animation-delay=\"\">\n\t\t\t\t\n\t\t\t\t\t\t\t\t\t<h4 class=\"xts-section-title title xts-design-default xts-fontsize-l\">\n\t\t\t\t\t\t<span class=\"xts-section-title-text\" data-elementor-setting-key=\"title\">\n\t\t\t\t\t\t\tK\u00f5rge kvaliteediga m\u00f6\u00f6bel saadaval soodsa hinnaga\t\t\t\t\t\t<\/span>\n\n\t\t\t\t\t\t\t\t\t\t\t<\/h4>\n\t\t\t\t\n\t\t\t\t\n\t\t\t\t\t\t\t\t\t<div class=\"xts-section-desc\">\n\t\t\t\t\t\t<div class=\"xts-section-desc-text xts-reset-all-last\" data-elementor-setting-key=\"description\">\n\t\t\t\t\t\t\tMeie kliendid saavad osta p\u00f6\u00f6gist ja tammest valmistatud t\u00e4ispuidust m\u00f6\u00f6blit soodsa hinnaga. Me t\u00f6\u00f6tame k\u00e4sik\u00e4es puidut\u00f6\u00f6tlemise vabrikutega ja kvaliteetse puitm\u00f6\u00f6bli tootjatega Skandinaavia stiilis. T\u00e4na saame Teile pakkuda kvaliteetset m\u00f6\u00f6blit Balti riikides otse tootjalt.\t\t\t\t\t\t<\/div>\n\t\t\t\t\t<\/div>\n\t\t\t\t\t\t\t<\/div>\n\t\t\t\t\t\t<\/div>\n\t\t\t\t<\/div>\n\t\t\t\t\t<\/div>\n\t\t<\/div>\n\t\t\t\t\t<\/div>\n\t\t<\/section>\n\t\t\t\t<\/div>\n\t\t","protected":false},"excerpt":{"rendered":"<p>Naturaalsest puidust m\u00f6\u00f6bel Furniteco TM see on kaubam\u00e4rk. Furniteco \u2014 see on veebipood, mis pakub kvaliteetset naturaalsest tammest ja p\u00f6\u00f6gist m\u00f6\u00f6blit, v\u00f5imalusega kohale toimetamisega Eestis, L\u00e4tis ja Leedus. Me t\u00f6\u00f6tame vaid \u00f6komaterjalidega, kuna meie kaubam\u00e4rgi filosoofiaks on &#8211; \u00abVarustada meie kliente \u00f6kom\u00f6\u00f6bliga\u00bb. Meie ettev\u00f5tte nimi koosneb kahest elemendist: Furnit+eco = m\u00f6\u00f6bel+\u00f6koloogia. Meie filosoofia p\u00f5hineb \u00f6koloogilisusel [&hellip;]<\/p>\n","protected":false},"author":2,"featured_media":0,"parent":0,"menu_order":0,"comment_status":"closed","ping_status":"closed","template":"","meta":{"inline_featured_image":false,"footnotes":""},"class_list":["post-6052","page","type-page","status-publish","hentry"],"jetpack_sharing_enabled":true,"_links":{"self":[{"href":"https:\/\/furniteco.eu\/et\/wp-json\/wp\/v2\/pages\/6052","targetHints":{"allow":["GET"]}}],"collection":[{"href":"https:\/\/furniteco.eu\/et\/wp-json\/wp\/v2\/pages"}],"about":[{"href":"https:\/\/furniteco.eu\/et\/wp-json\/wp\/v2\/types\/page"}],"author":[{"embeddable":true,"href":"https:\/\/furniteco.eu\/et\/wp-json\/wp\/v2\/users\/2"}],"replies":[{"embeddable":true,"href":"https:\/\/furniteco.eu\/et\/wp-json\/wp\/v2\/comments?post=6052"}],"version-history":[{"count":3,"href":"https:\/\/furniteco.eu\/et\/wp-json\/wp\/v2\/pages\/6052\/revisions"}],"predecessor-version":[{"id":6423,"href":"https:\/\/furniteco.eu\/et\/wp-json\/wp\/v2\/pages\/6052\/revisions\/6423"}],"wp:attachment":[{"href":"https:\/\/furniteco.eu\/et\/wp-json\/wp\/v2\/media?parent=6052"}],"curies":[{"name":"wp","href":"https:\/\/api.w.org\/{rel}","templated":true}]}}