{"id":6054,"date":"2023-03-29T14:32:21","date_gmt":"2023-03-29T14:32:21","guid":{"rendered":"https:\/\/furniteco.eu\/informatsioon-kohaletoimetamise-kohta\/"},"modified":"2023-05-30T10:26:58","modified_gmt":"2023-05-30T10:26:58","slug":"informatsioon-kohaletoimetamise-kohta","status":"publish","type":"page","link":"https:\/\/furniteco.eu\/et\/informatsioon-kohaletoimetamise-kohta\/","title":{"rendered":"Informatsioon kohaletoimetamise kohta"},"content":{"rendered":"\t\t<div data-elementor-type=\"wp-page\" data-elementor-id=\"6054\" class=\"elementor elementor-6054 elementor-3875\">\n\t\t\t\t\t\t<section class=\"elementor-section elementor-top-section elementor-element elementor-element-f8e2a8d elementor-section-boxed elementor-section-height-default elementor-section-height-default xts-section-disabled\" data-id=\"f8e2a8d\" data-element_type=\"section\" data-e-type=\"section\">\n\t\t\t\t\t\t<div class=\"elementor-container elementor-column-gap-default\">\n\t\t\t\t\t<div class=\"elementor-column elementor-col-100 elementor-top-column elementor-element elementor-element-cf16cf6\" data-id=\"cf16cf6\" data-element_type=\"column\" data-e-type=\"column\">\n\t\t\t<div class=\"elementor-widget-wrap elementor-element-populated\">\n\t\t\t\t\t\t<div class=\"elementor-element elementor-element-ef27040 xts-scheme-inherit xts-textalign-inherit elementor-widget elementor-widget-text-editor\" data-id=\"ef27040\" data-element_type=\"widget\" data-e-type=\"widget\" data-widget_type=\"text-editor.default\">\n\t\t\t\t<div class=\"elementor-widget-container\">\n\t\t\t\t\t\t\t\t\t<p>Me toimetame k\u00f5ik k\u00e4ep\u00e4rast olevad kaubad 10-20 t\u00f6\u00f6p\u00e4eva jooksul tarbija ukseni. K\u00f5ik tarneviivitused ja \u2013\u00fcksikasjad koosk\u00f5lastatakse eelnevalt tarbijaga. <\/p>\n<p>Tarne maksumus koosk\u00f5lastatakse tarbijaga tellimuse kinnitamisel ning tasutakse eraldi. Me toimetame kauba vaid esimesele korrusele. Kui teil on vaja tarnet korterisse, teavitage meid sellest tellimuse kinnitamise k\u00e4igus. <\/p>\n\t\t\t\t\t\t\t\t<\/div>\n\t\t\t\t<\/div>\n\t\t\t\t\t<\/div>\n\t\t<\/div>\n\t\t\t\t\t<\/div>\n\t\t<\/section>\n\t\t\t\t<section class=\"elementor-section elementor-top-section elementor-element elementor-element-93d6fb6 elementor-section-boxed elementor-section-height-default elementor-section-height-default xts-section-disabled\" data-id=\"93d6fb6\" data-element_type=\"section\" data-e-type=\"section\">\n\t\t\t\t\t\t<div class=\"elementor-container elementor-column-gap-default\">\n\t\t\t\t\t<div class=\"elementor-column elementor-col-100 elementor-top-column elementor-element elementor-element-4c7fa46\" data-id=\"4c7fa46\" data-element_type=\"column\" data-e-type=\"column\">\n\t\t\t<div class=\"elementor-widget-wrap elementor-element-populated\">\n\t\t\t\t\t\t<div class=\"elementor-element elementor-element-720a4c9 elementor-widget elementor-widget-xts_title\" data-id=\"720a4c9\" data-element_type=\"widget\" data-e-type=\"widget\" data-widget_type=\"xts_title.default\">\n\t\t\t\t<div class=\"elementor-widget-container\">\n\t\t\t\t\t\t\t\t<div class=\"xts-section-heading xts-reset-mb-10 xts-reset-last xts-textalign-left\" data-animation-delay=\"\">\n\t\t\t\t\n\t\t\t\t\t\t\t\t\t<h4 class=\"xts-section-title title xts-design-default xts-fontsize-l\">\n\t\t\t\t\t\t<span class=\"xts-section-title-text\" data-elementor-setting-key=\"title\">\n\t\t\t\t\t\t\tTAGASTAMINE\t\t\t\t\t\t<\/span>\n\n\t\t\t\t\t\t\t\t\t\t\t<\/h4>\n\t\t\t\t\n\t\t\t\t\n\t\t\t\t\t\t\t\t\t<div class=\"xts-section-desc\">\n\t\t\t\t\t\t<div class=\"xts-section-desc-text xts-reset-all-last\" data-elementor-setting-key=\"description\">\n\t\t\t\t\t\t\t<p>Me pakume teile 14 (neljateistk\u00fcmne) p\u00e4evast raha tagastamise garantiid k\u00f5igile teie ostudele. Et m\u00f6\u00f6blit tagastada, tuleb teil meid sellest teavitada e-posti (returns@furniteco.eu) v\u00f5i telefoni teel. <\/p><p>Teie m\u00f6\u00f6bel toimetatakse kohale p\u00e4rast tellimuse kinnitamist ja makset. <\/p><p>Palun <a href=\"https:\/\/furniteco.com\/contact-us\/\">v\u00f5tke meiega \u00fchendust<\/a> ja te saata konsultatsiooni m\u00f6\u00f6bli kohaletoimetamise \u00fcksikasjust. <\/p>\t\t\t\t\t\t<\/div>\n\t\t\t\t\t<\/div>\n\t\t\t\t\t\t\t<\/div>\n\t\t\t\t\t\t<\/div>\n\t\t\t\t<\/div>\n\t\t\t\t\t<\/div>\n\t\t<\/div>\n\t\t\t\t\t<\/div>\n\t\t<\/section>\n\t\t\t\t<\/div>\n\t\t","protected":false},"excerpt":{"rendered":"<p>Me toimetame k\u00f5ik k\u00e4ep\u00e4rast olevad kaubad 10-20 t\u00f6\u00f6p\u00e4eva jooksul tarbija ukseni. K\u00f5ik tarneviivitused ja \u2013\u00fcksikasjad koosk\u00f5lastatakse eelnevalt tarbijaga. Tarne maksumus koosk\u00f5lastatakse tarbijaga tellimuse kinnitamisel ning tasutakse eraldi. Me toimetame kauba vaid esimesele korrusele. Kui teil on vaja tarnet korterisse, teavitage meid sellest tellimuse kinnitamise k\u00e4igus. TAGASTAMINE Me pakume teile 14 (neljateistk\u00fcmne) p\u00e4evast raha tagastamise garantiid [&hellip;]<\/p>\n","protected":false},"author":2,"featured_media":0,"parent":0,"menu_order":0,"comment_status":"closed","ping_status":"closed","template":"","meta":{"inline_featured_image":false,"footnotes":""},"class_list":["post-6054","page","type-page","status-publish","hentry"],"jetpack_sharing_enabled":true,"_links":{"self":[{"href":"https:\/\/furniteco.eu\/et\/wp-json\/wp\/v2\/pages\/6054","targetHints":{"allow":["GET"]}}],"collection":[{"href":"https:\/\/furniteco.eu\/et\/wp-json\/wp\/v2\/pages"}],"about":[{"href":"https:\/\/furniteco.eu\/et\/wp-json\/wp\/v2\/types\/page"}],"author":[{"embeddable":true,"href":"https:\/\/furniteco.eu\/et\/wp-json\/wp\/v2\/users\/2"}],"replies":[{"embeddable":true,"href":"https:\/\/furniteco.eu\/et\/wp-json\/wp\/v2\/comments?post=6054"}],"version-history":[{"count":1,"href":"https:\/\/furniteco.eu\/et\/wp-json\/wp\/v2\/pages\/6054\/revisions"}],"predecessor-version":[{"id":6055,"href":"https:\/\/furniteco.eu\/et\/wp-json\/wp\/v2\/pages\/6054\/revisions\/6055"}],"wp:attachment":[{"href":"https:\/\/furniteco.eu\/et\/wp-json\/wp\/v2\/media?parent=6054"}],"curies":[{"name":"wp","href":"https:\/\/api.w.org\/{rel}","templated":true}]}}