{"id":6069,"date":"2023-03-29T14:26:21","date_gmt":"2023-03-29T14:26:21","guid":{"rendered":"https:\/\/furniteco.eu\/fsc-poliitika\/"},"modified":"2023-05-30T11:55:29","modified_gmt":"2023-05-30T11:55:29","slug":"fsc-poliitika","status":"publish","type":"page","link":"https:\/\/furniteco.eu\/et\/fsc-poliitika\/","title":{"rendered":"FSC\u00ae poliitika"},"content":{"rendered":"\t\t<div data-elementor-type=\"wp-page\" data-elementor-id=\"6069\" class=\"elementor elementor-6069 elementor-3865\">\n\t\t\t\t\t\t<section class=\"elementor-section elementor-top-section elementor-element elementor-element-2aace5b elementor-section-boxed elementor-section-height-default elementor-section-height-default xts-section-disabled\" data-id=\"2aace5b\" data-element_type=\"section\" data-e-type=\"section\">\n\t\t\t\t\t\t<div class=\"elementor-container elementor-column-gap-default\">\n\t\t\t\t\t<div class=\"elementor-column elementor-col-100 elementor-top-column elementor-element elementor-element-2076ae3\" data-id=\"2076ae3\" data-element_type=\"column\" data-e-type=\"column\">\n\t\t\t<div class=\"elementor-widget-wrap elementor-element-populated\">\n\t\t\t\t\t\t<div class=\"elementor-element elementor-element-45a94b0 xts-textalign-center xts-scheme-inherit elementor-widget elementor-widget-text-editor\" data-id=\"45a94b0\" data-element_type=\"widget\" data-e-type=\"widget\" data-widget_type=\"text-editor.default\">\n\t\t\t\t<div class=\"elementor-widget-container\">\n\t\t\t\t\t\t\t\t\t<p>Enesedeklaratsioon<\/p>\n<p>seoses FSC-POL-01-004<\/p>\n<p>(Assotsiatsiooni poliitika<\/p>\n<p>FSC\u00ae-iga organisatsioonid)<\/p>\n\t\t\t\t\t\t\t\t<\/div>\n\t\t\t\t<\/div>\n\t\t\t\t\t<\/div>\n\t\t<\/div>\n\t\t\t\t\t<\/div>\n\t\t<\/section>\n\t\t\t\t<section class=\"elementor-section elementor-top-section elementor-element elementor-element-6443912 elementor-section-boxed elementor-section-height-default elementor-section-height-default xts-section-disabled\" data-id=\"6443912\" data-element_type=\"section\" data-e-type=\"section\">\n\t\t\t\t\t\t<div class=\"elementor-container elementor-column-gap-default\">\n\t\t\t\t\t<div class=\"elementor-column elementor-col-100 elementor-top-column elementor-element elementor-element-b204052\" data-id=\"b204052\" data-element_type=\"column\" data-e-type=\"column\">\n\t\t\t<div class=\"elementor-widget-wrap elementor-element-populated\">\n\t\t\t\t\t\t<div class=\"elementor-element elementor-element-15c7bef xts-scheme-inherit xts-textalign-inherit elementor-widget elementor-widget-text-editor\" data-id=\"15c7bef\" data-element_type=\"widget\" data-e-type=\"widget\" data-widget_type=\"text-editor.default\">\n\t\t\t\t<div class=\"elementor-widget-container\">\n\t\t\t\t\t\t\t\t\t<p>Allakirjutanud organisatsioon<strong> <\/strong>on seotud Forest Stewardship Council A.C., Oaxaca, Mehhiko v\u00f5i m\u00f5ne selle t\u00fctarettev\u00f5tte v\u00f5i sidusettev\u00f5ttega (edaspidi: FSC\u00ae), olles FSC\u00ae liige v\u00f5i sellega lepingulises suhtes. K\u00e4esolevaga kinnitab allakirjutanud organisatsioon selges\u00f5naliselt,<strong> <\/strong>et on lugenud ja m\u00f5istab FSC\u00ae-iga organisatsioonide assotsiatsiooni poliitikat, mis on avaldatud aadressil <a href=\"https:\/\/www.fsc.org\/\" target=\"_blank\" rel=\"noopener noreferrer\">www.fsc.org<\/a>. See poliitika s\u00e4testab FSC\u00ae-i seisukoha vastuv\u00f5etamatute tegevuste suhtes organisatsioonide ja \u00fcksikisikute poolt, kes juba on v\u00f5i tahaksid olla FSC\u00ae-iga seotud, samuti lahti\u00fchendamise mehhanismi.<\/p>\n<p>Eespool \u00f6eldut silmas pidades n\u00f5ustub organisatsioon selges\u00f5naliselt praegu ja tulevikus, kuni suhe FSC\u00ae-ga eksisteerib, mitte olema otseselt ega kaudselt seotud j\u00e4rgmiste vastuv\u00f5etamatute tegevustega:<strong> <\/strong><\/p>\n<ul>\n<li>a) ebaseaduslik metsaraie v\u00f5i ebaseaduslik puidu v\u00f5i metsasaadustega kauplemine;<\/li>\n<li>b) traditsiooniliste ja inim\u00f5iguste rikkumine metsanduses;<\/li>\n<li>c) k\u00f5rgete looduskaitsev\u00e4\u00e4rtuste h\u00e4vitamine metsanduses;<\/li>\n<li>d) metsade m\u00e4rkimisv\u00e4\u00e4rne muutmine istandikeks v\u00f5i mittemetsaks kasutamiseks;<\/li>\n<li>e) geneetiliselt muundatud organismide kasutuselev\u00f5tt metsanduses;<\/li>\n<li>f) ILO t\u00f6\u00f6p\u00f5him\u00f5tteid ja -\u00f5igusi k\u00e4sitlevas deklaratsioonis m\u00e4\u00e4ratletud mis tahes ILO p\u00f5hikonventsiooni rikkumine;<\/li>\n<\/ul>\n<p>Organisatsioon ei kasuta lapst\u00f6\u00f6j\u00f5udu.<\/p>\n<ul>\n<li>a) Organisatsioon ei v\u00f5ta t\u00f6\u00f6le alla 15-aastaseid t\u00f6\u00f6tajaid v\u00f5i alla 15-aastaseid t\u00f6\u00f6tajaid, mis on alla riiklike v\u00f5i kohalike seaduste v\u00f5i m\u00e4\u00e4rustega s\u00e4testatud vanuse alampiiri, olenevalt sellest, kumb vanus on k\u00f5rgem, v\u00e4lja arvatud punktis b t\u00e4psustatud juhtudel. b).<\/li>\n<li>b) Riikides, kus siseriiklikud seadused v\u00f5i m\u00e4\u00e4rused lubavad 13\u201315-aastaste inimeste kerget t\u00f6\u00f6d, ei tohiks selline t\u00f6\u00f6tamine segada koolisk\u00e4imist ega kahjustada nende tervist ega arengut. Eelk\u00f5ige, kui lastele kehtivad kohustusliku hariduse seadused, peavad nad t\u00f6\u00f6tama ainult v\u00e4ljaspool kooliaega tavalisel p\u00e4evasel t\u00f6\u00f6ajal.<\/li>\n<li>c) Alla 18-aastasel isikul ei lasta teha ohtlikku v\u00f5i rasket t\u00f6\u00f6d, v\u00e4lja arvatud heakskiidetud siseriiklike seaduste ja m\u00e4\u00e4ruste kohase koolituse eesm\u00e4rgil.<\/li>\n<li>d) Organisatsioon keelab lapst\u00f6\u00f6j\u00f5u halvimad vormid.<\/li>\n<\/ul>\n<p>Tallinn, 25.04.2022<\/p>\n<p>____________________________________________________________<\/p>\n<p>For the Organization \/ Organisatsioon<\/p>\n<p>Himbalt Trade O\u00dc<\/p>\n\t\t\t\t\t\t\t\t<\/div>\n\t\t\t\t<\/div>\n\t\t\t\t\t<\/div>\n\t\t<\/div>\n\t\t\t\t\t<\/div>\n\t\t<\/section>\n\t\t\t\t<\/div>\n\t\t","protected":false},"excerpt":{"rendered":"<p>Enesedeklaratsioon seoses FSC-POL-01-004 (Assotsiatsiooni poliitika FSC\u00ae-iga organisatsioonid) Allakirjutanud organisatsioon on seotud Forest Stewardship Council A.C., Oaxaca, Mehhiko v\u00f5i m\u00f5ne selle t\u00fctarettev\u00f5tte v\u00f5i sidusettev\u00f5ttega (edaspidi: FSC\u00ae), olles FSC\u00ae liige v\u00f5i sellega lepingulises suhtes. K\u00e4esolevaga kinnitab allakirjutanud organisatsioon selges\u00f5naliselt, et on lugenud ja m\u00f5istab FSC\u00ae-iga organisatsioonide assotsiatsiooni poliitikat, mis on avaldatud aadressil www.fsc.org. See poliitika s\u00e4testab FSC\u00ae-i [&hellip;]<\/p>\n","protected":false},"author":2,"featured_media":0,"parent":0,"menu_order":0,"comment_status":"closed","ping_status":"closed","template":"","meta":{"inline_featured_image":false,"footnotes":""},"class_list":["post-6069","page","type-page","status-publish","hentry"],"jetpack_sharing_enabled":true,"_links":{"self":[{"href":"https:\/\/furniteco.eu\/et\/wp-json\/wp\/v2\/pages\/6069","targetHints":{"allow":["GET"]}}],"collection":[{"href":"https:\/\/furniteco.eu\/et\/wp-json\/wp\/v2\/pages"}],"about":[{"href":"https:\/\/furniteco.eu\/et\/wp-json\/wp\/v2\/types\/page"}],"author":[{"embeddable":true,"href":"https:\/\/furniteco.eu\/et\/wp-json\/wp\/v2\/users\/2"}],"replies":[{"embeddable":true,"href":"https:\/\/furniteco.eu\/et\/wp-json\/wp\/v2\/comments?post=6069"}],"version-history":[{"count":1,"href":"https:\/\/furniteco.eu\/et\/wp-json\/wp\/v2\/pages\/6069\/revisions"}],"predecessor-version":[{"id":6070,"href":"https:\/\/furniteco.eu\/et\/wp-json\/wp\/v2\/pages\/6069\/revisions\/6070"}],"wp:attachment":[{"href":"https:\/\/furniteco.eu\/et\/wp-json\/wp\/v2\/media?parent=6069"}],"curies":[{"name":"wp","href":"https:\/\/api.w.org\/{rel}","templated":true}]}}