{"id":6071,"date":"2023-03-29T14:01:50","date_gmt":"2023-03-29T14:01:50","guid":{"rendered":"https:\/\/furniteco.eu\/moobli-hooldus\/"},"modified":"2023-05-30T11:58:40","modified_gmt":"2023-05-30T11:58:40","slug":"moobli-hooldus","status":"publish","type":"page","link":"https:\/\/furniteco.eu\/et\/moobli-hooldus\/","title":{"rendered":"M\u00f6\u00f6bli hooldus"},"content":{"rendered":"\t\t<div data-elementor-type=\"wp-page\" data-elementor-id=\"6071\" class=\"elementor elementor-6071 elementor-3835\">\n\t\t\t\t\t\t<section class=\"elementor-section elementor-top-section elementor-element elementor-element-dd69052 elementor-section-boxed elementor-section-height-default elementor-section-height-default xts-section-disabled\" data-id=\"dd69052\" data-element_type=\"section\" data-e-type=\"section\">\n\t\t\t\t\t\t<div class=\"elementor-container elementor-column-gap-default\">\n\t\t\t\t\t<div class=\"elementor-column elementor-col-100 elementor-top-column elementor-element elementor-element-5caf7e4\" data-id=\"5caf7e4\" data-element_type=\"column\" data-e-type=\"column\">\n\t\t\t<div class=\"elementor-widget-wrap elementor-element-populated\">\n\t\t\t\t\t\t<div class=\"elementor-element elementor-element-2157647 xts-scheme-inherit xts-textalign-inherit elementor-widget elementor-widget-text-editor\" data-id=\"2157647\" data-element_type=\"widget\" data-e-type=\"widget\" data-widget_type=\"text-editor.default\">\n\t\t\t\t<div class=\"elementor-widget-container\">\n\t\t\t\t\t\t\t\t\t<p>Puitm\u00f6\u00f6bel vajab korralikku hoolt. See tagab selle pika kasutusea. <\/p>\n<p>Soovitatav on j\u00e4lgida temperatuurire\u017eiimi (vahemikus +10C kuni +25C) ja s\u00e4ilitada vajalik niiskustase (45% kuni 70%).<\/p>\n<p>T\u00e4ispuidust m\u00f6\u00f6blit puhastage pehme, niiske lapiga. Mitte mingil juhul ei tohi kasutada tugevatoimelisi (ammoniaaki, alkoholi v\u00f5i pehmendajat sisaldavat) puhastusaineid. M\u00f6\u00f6blile ei tohi asetada kuumi esemeid ilma kuumaaluseta. Ennetage mehaaniliste kahjustuste teket. M\u00f6\u00f6bli teisaldamisel olge ettevaatlik, liigutage m\u00f6\u00f6blit t\u00f5stes mitte lohistades. V\u00e4ltige kriimustusi ja l\u00f6\u00f6ke.V\u00e4ikeseid pragusid, l\u00f5hesid ja kahjustusi saab parandada ja peita spetsiaalsete vahenditega, mida m\u00fc\u00fcakse ka meie veebipoes. \u00d5litatud m\u00f6\u00f6bli hooldamiseks kasutage spetsiaalset tootega sobivat puidu\u00f5li. \u00d5litage uus m\u00f6\u00f6bel esimese kuu jooksul kergelt \u00fcle. Edaspidi on soovitatav iga poole aasta tagant m\u00f6\u00f6blit uuesti \u00f5litada. \u00d5li laseb puidul vabalt hingata ning aitab s\u00e4ilitada puidu niiskustaset ning ennetada liigsest kuivusest tulenevate pragude teket. Rohkem infot selle kohta, kuidas naturaalsest puidust m\u00f6\u00f6blit kauem originaalkujul ja seisukorras hoida &#8211; <a href=\"https:\/\/furniteco.com\/FurnitureCare.pdf\"><strong>SIIT<\/strong><\/a>. <\/p>\n\t\t\t\t\t\t\t\t<\/div>\n\t\t\t\t<\/div>\n\t\t\t\t\t<\/div>\n\t\t<\/div>\n\t\t\t\t\t<\/div>\n\t\t<\/section>\n\t\t\t\t<\/div>\n\t\t","protected":false},"excerpt":{"rendered":"<p>Puitm\u00f6\u00f6bel vajab korralikku hoolt. See tagab selle pika kasutusea. Soovitatav on j\u00e4lgida temperatuurire\u017eiimi (vahemikus +10C kuni +25C) ja s\u00e4ilitada vajalik niiskustase (45% kuni 70%). T\u00e4ispuidust m\u00f6\u00f6blit puhastage pehme, niiske lapiga. Mitte mingil juhul ei tohi kasutada tugevatoimelisi (ammoniaaki, alkoholi v\u00f5i pehmendajat sisaldavat) puhastusaineid. M\u00f6\u00f6blile ei tohi asetada kuumi esemeid ilma kuumaaluseta. Ennetage mehaaniliste kahjustuste teket. [&hellip;]<\/p>\n","protected":false},"author":2,"featured_media":0,"parent":0,"menu_order":0,"comment_status":"closed","ping_status":"closed","template":"","meta":{"inline_featured_image":false,"footnotes":""},"class_list":["post-6071","page","type-page","status-publish","hentry"],"jetpack_sharing_enabled":true,"_links":{"self":[{"href":"https:\/\/furniteco.eu\/et\/wp-json\/wp\/v2\/pages\/6071","targetHints":{"allow":["GET"]}}],"collection":[{"href":"https:\/\/furniteco.eu\/et\/wp-json\/wp\/v2\/pages"}],"about":[{"href":"https:\/\/furniteco.eu\/et\/wp-json\/wp\/v2\/types\/page"}],"author":[{"embeddable":true,"href":"https:\/\/furniteco.eu\/et\/wp-json\/wp\/v2\/users\/2"}],"replies":[{"embeddable":true,"href":"https:\/\/furniteco.eu\/et\/wp-json\/wp\/v2\/comments?post=6071"}],"version-history":[{"count":1,"href":"https:\/\/furniteco.eu\/et\/wp-json\/wp\/v2\/pages\/6071\/revisions"}],"predecessor-version":[{"id":6072,"href":"https:\/\/furniteco.eu\/et\/wp-json\/wp\/v2\/pages\/6071\/revisions\/6072"}],"wp:attachment":[{"href":"https:\/\/furniteco.eu\/et\/wp-json\/wp\/v2\/media?parent=6071"}],"curies":[{"name":"wp","href":"https:\/\/api.w.org\/{rel}","templated":true}]}}