{"id":7004,"date":"2023-06-06T09:56:16","date_gmt":"2023-06-06T09:56:16","guid":{"rendered":"https:\/\/furniteco.eu\/buy-now-pay-later\/"},"modified":"2023-06-06T17:52:00","modified_gmt":"2023-06-06T17:52:00","slug":"buy-now-pay-later","status":"publish","type":"page","link":"https:\/\/furniteco.eu\/et\/buy-now-pay-later\/","title":{"rendered":"Buy now, pay later"},"content":{"rendered":"\n<figure class=\"wp-block-image size-large is-resized\"><img fetchpriority=\"high\" decoding=\"async\" src=\"https:\/\/furniteco.eu\/wp-content\/uploads\/2023\/06\/bolt_sisuleht_en-1000x695.png\" alt=\"\" class=\"wp-image-6974\" width=\"669\" height=\"465\" srcset=\"https:\/\/furniteco.eu\/wp-content\/uploads\/2023\/06\/bolt_sisuleht_en-1000x695.png 1000w, https:\/\/furniteco.eu\/wp-content\/uploads\/2023\/06\/bolt_sisuleht_en-300x208.png 300w, https:\/\/furniteco.eu\/wp-content\/uploads\/2023\/06\/bolt_sisuleht_en-768x533.png 768w, https:\/\/furniteco.eu\/wp-content\/uploads\/2023\/06\/bolt_sisuleht_en-1536x1067.png 1536w, https:\/\/furniteco.eu\/wp-content\/uploads\/2023\/06\/bolt_sisuleht_en-700x486.png 700w, https:\/\/furniteco.eu\/wp-content\/uploads\/2023\/06\/bolt_sisuleht_en-500x347.png 500w, https:\/\/furniteco.eu\/wp-content\/uploads\/2023\/06\/bolt_sisuleht_en-1320x917.png 1320w, https:\/\/furniteco.eu\/wp-content\/uploads\/2023\/06\/bolt_sisuleht_en-450x313.png 450w, https:\/\/furniteco.eu\/wp-content\/uploads\/2023\/06\/bolt_sisuleht_en.png 1840w\" sizes=\"(max-width: 669px) 100vw, 669px\" \/><\/figure>\n\n<p><strong>Bolt and ESTO make shopping easy!<\/strong><\/p>\n\n<p>Choose the newest payment method on the market to pay for your purchases &#8211; Bolt Pay Later! Confirm your purchase with just a few clicks and pay back without any extra cost!<\/p>\n\n<p><strong>Be smart and choose Bolt Pay Later to pay for your purchases!<\/strong> The new and innovative payment solution helps you pay for your purchases conveniently within 30 days. Bolt Pay Later is the smart way for people to pay &#8211; get your goods now and pay back on a flexible repayment schedule. Get exactly what you need with just a few clicks &#8211; no interest, no extra fees and no deposit. <\/p>\n\n<ul class=\"wp-block-list\">\n<li>Flexible repayment schedule<\/li>\n\n\n\n<li>Get the goods now and pay in 30 days<\/li>\n\n\n\n<li>0% interest &amp; 0\u20ac extra fees<\/li>\n<\/ul>\n\n<p><strong>Bolt Pay Later is offered and managed by ESTO AS.<\/strong><\/p>\n\n<p><strong>MIS ON ESTO?<\/strong><\/p>\n\n<p>ESTO is a financial services company that was founded in 2016. The brand was born out of the need for a new generation of payment solutions, suitable for both &#8211; the end consumer and the merchant. Today, ESTO offers a wide range of payment solutions in the Baltics and has a partner network of more than 2,000 partners and stores and over 200,000 customers. See the terms and conditions here: esto.eu\/ee. If you need help, contact an ESTO AS employee at info@esto.ee or via www.esto.ee LIVE-chat window.<\/p>\n\n<p><\/p>\n\n<p><\/p>\n\n<figure class=\"wp-block-image size-full\"><img decoding=\"async\" width=\"1000\" height=\"523\" src=\"https:\/\/furniteco.eu\/wp-content\/uploads\/2023\/06\/web_banner_16_en-1.jpg\" alt=\"\" class=\"wp-image-6977\" srcset=\"https:\/\/furniteco.eu\/wp-content\/uploads\/2023\/06\/web_banner_16_en-1.jpg 1000w, https:\/\/furniteco.eu\/wp-content\/uploads\/2023\/06\/web_banner_16_en-1-300x157.jpg 300w, https:\/\/furniteco.eu\/wp-content\/uploads\/2023\/06\/web_banner_16_en-1-768x402.jpg 768w, https:\/\/furniteco.eu\/wp-content\/uploads\/2023\/06\/web_banner_16_en-1-700x366.jpg 700w, https:\/\/furniteco.eu\/wp-content\/uploads\/2023\/06\/web_banner_16_en-1-500x262.jpg 500w, https:\/\/furniteco.eu\/wp-content\/uploads\/2023\/06\/web_banner_16_en-1-450x235.jpg 450w\" sizes=\"(max-width: 1000px) 100vw, 1000px\" \/><\/figure>\n\n<p><strong>ESTO 3 on uue generatsiooni makseviis, mis v\u00f5imaldab tasuda mugavalt ning kiirelt &#8211; kolmes v\u00f5rdses osas, ilma lisatasudeta!<\/strong><\/p>\n\n<p>Vali e-poe kassas oma ostude eest tasumiseks \u00fclimalt populaarne ESTO 3-osaline makseviis!<\/p>\n\n<p>ESTO 3 aitab jagada ostusumma 3-ks v\u00f5rdseks osaks. <\/p>\n\n<ul class=\"wp-block-list\">\n<li>\u00dchtegi lisatasu ei lisandu.<\/li>\n\n\n\n<li>Lihtsalt kolm v\u00f5rdses osas makset, kolme kuu jooksul<\/li>\n\n\n\n<li>Esimene makse on alles j\u00e4rgmisel kuul.<\/li>\n<\/ul>\n\n<p><strong>MIS ON ESTO?<\/strong><\/p>\n\n<p>ESTO on finantsteenuseid pakkuv ettev\u00f5te, mille algusaeg ulatub aastasse 2016. Br\u00e4nd sai alguse vajadusest uue generatsiooni makselahenduste j\u00e4rele, mis oleksid sobilikud nii l\u00f5pptarbijale kui ka m\u00fc\u00fcjale. T\u00e4na pakub ESTO k\u00f5ige suuremat valikut erinevaid makselahendusi Baltikumis ning ESTO partnerv\u00f5rgustikku kuulub \u00fcle 2000 koost\u00f6\u00f6partneri ja kaupluse ning \u00fcle 200 000 kliendi. <\/p>\n\n<p>Tutvu tingimustega siin: esto.eu\/ee<\/p>\n\n<p>Vajadusel kontakteeruge ESTO AS t\u00f6\u00f6tajaga &#8211; info@esto.ee v\u00f5i www.esto.ee LIVE chat-aknas.<\/p>\n\n<p><\/p>\n\n<p><\/p>\n\n<figure class=\"wp-block-image size-full\"><img decoding=\"async\" width=\"1000\" height=\"523\" src=\"https:\/\/furniteco.eu\/wp-content\/uploads\/2023\/06\/web_banner_11_en-2.jpg\" alt=\"\" class=\"wp-image-6980\" srcset=\"https:\/\/furniteco.eu\/wp-content\/uploads\/2023\/06\/web_banner_11_en-2.jpg 1000w, https:\/\/furniteco.eu\/wp-content\/uploads\/2023\/06\/web_banner_11_en-2-300x157.jpg 300w, https:\/\/furniteco.eu\/wp-content\/uploads\/2023\/06\/web_banner_11_en-2-768x402.jpg 768w, https:\/\/furniteco.eu\/wp-content\/uploads\/2023\/06\/web_banner_11_en-2-700x366.jpg 700w, https:\/\/furniteco.eu\/wp-content\/uploads\/2023\/06\/web_banner_11_en-2-500x262.jpg 500w, https:\/\/furniteco.eu\/wp-content\/uploads\/2023\/06\/web_banner_11_en-2-450x235.jpg 450w\" sizes=\"(max-width: 1000px) 100vw, 1000px\" \/><\/figure>\n\n<p><strong>Don&#8217;t want to pay the whole amount at once? Pay in installments!<\/strong><\/p>\n\n<p>ESTO hire-purchase is the fastest and most convenient payment solution that helps you set up a payment schedule based on the period of your choice. The payment solution makes the decision in real time and you can complete your purchase in less than 60 seconds.<\/p>\n\n<p>Add the products you need to your shopping cart, confirm your order and choose ESTO hire-purchase as a payment method. When confirming your purchase, select your preferred repayment period, monthly installment amount and sign digitally and conveniently using your ID card, Smart ID or Mobile ID.<\/p>\n\n<ul class=\"wp-block-list\">\n<li>All citizens of the Republic of Estonia aged between 18 and 70 can apply for an ESTO hire-purchase<\/li>\n\n\n\n<li>ESTO hire-purchase can be signed quickly and conveniently for legal entities. <\/li>\n\n\n\n<li>ESTO hire-purchase is offered and managed by ESTO AS.<\/li>\n<\/ul>\n\n<p><strong>Attention!<\/strong> Before signing the contract, carefully read the terms of the proposed contract and, if necessary, consult with an employee of ESTO AS or another specialist. <em>ESTO AS loan annual percentage rate is 23.63% under the following example conditions: loan amount 1490 euros, cost of goods\/services 1490 euros, down payment 0%, fixed interest rate 11.90%, contract fee 0 euros, total amount loan and repayment of 1844.64 euros, subject to repayment of the loan within 24 months, in equal monthly instalments of 76.86 euros. Before concluding the contract, read the terms and conditions and, if necessary, consult with a specialist. The hire purchase service is offered and regulated by ESTO AS.<\/em><\/p>\n\n<p><strong>MIS ON ESTO?<\/strong><\/p>\n\n<p>ESTO on finantsteenuseid pakkuv ettev\u00f5te, mille algusaeg ulatub aastasse 2016. Br\u00e4nd sai alguse vajadusest uue generatsiooni makselahenduste j\u00e4rele, mis oleksid sobilikud nii l\u00f5pptarbijale kui ka m\u00fc\u00fcjale. T\u00e4na pakub ESTO k\u00f5ige suuremat valikut erinevaid makselahendusi Baltikumis ning ESTO partnerv\u00f5rgustikku kuulub \u00fcle 2000 koost\u00f6\u00f6partneri ja kaupluse ning \u00fcle 200 000 kliendi. <\/p>\n\n<p>Tutvu tingimustega siin: esto.eu\/ee<\/p>\n\n<p>Vajadusel kontakteeruge ESTO AS t\u00f6\u00f6tajaga &#8211; info@esto.ee v\u00f5i www.esto.ee LIVE chat-aknas.<\/p>\n","protected":false},"excerpt":{"rendered":"<p>Bolt and ESTO make shopping easy! Choose the newest payment method on the market to pay for your purchases &#8211; Bolt Pay Later! Confirm your purchase with just a few clicks and pay back without any extra cost! Be smart and choose Bolt Pay Later to pay for your purchases! The new and innovative payment [&hellip;]<\/p>\n","protected":false},"author":2,"featured_media":0,"parent":0,"menu_order":0,"comment_status":"closed","ping_status":"closed","template":"","meta":{"inline_featured_image":false,"footnotes":""},"class_list":["post-7004","page","type-page","status-publish","hentry"],"jetpack_sharing_enabled":true,"_links":{"self":[{"href":"https:\/\/furniteco.eu\/et\/wp-json\/wp\/v2\/pages\/7004","targetHints":{"allow":["GET"]}}],"collection":[{"href":"https:\/\/furniteco.eu\/et\/wp-json\/wp\/v2\/pages"}],"about":[{"href":"https:\/\/furniteco.eu\/et\/wp-json\/wp\/v2\/types\/page"}],"author":[{"embeddable":true,"href":"https:\/\/furniteco.eu\/et\/wp-json\/wp\/v2\/users\/2"}],"replies":[{"embeddable":true,"href":"https:\/\/furniteco.eu\/et\/wp-json\/wp\/v2\/comments?post=7004"}],"version-history":[{"count":2,"href":"https:\/\/furniteco.eu\/et\/wp-json\/wp\/v2\/pages\/7004\/revisions"}],"predecessor-version":[{"id":7007,"href":"https:\/\/furniteco.eu\/et\/wp-json\/wp\/v2\/pages\/7004\/revisions\/7007"}],"wp:attachment":[{"href":"https:\/\/furniteco.eu\/et\/wp-json\/wp\/v2\/media?parent=7004"}],"curies":[{"name":"wp","href":"https:\/\/api.w.org\/{rel}","templated":true}]}}